{"id":9784,"date":"2025-04-17T14:52:20","date_gmt":"2025-04-17T12:52:20","guid":{"rendered":"https:\/\/www.staedtebau-chemnitz.de\/?page_id=9784"},"modified":"2025-04-17T15:10:27","modified_gmt":"2025-04-17T13:10:27","slug":"marc-rennfleisch","status":"publish","type":"page","link":"https:\/\/www.staedtebau-chemnitz.de\/index.php\/marc-rennfleisch\/","title":{"rendered":"Marc Rennfleisch"},"content":{"rendered":"<div class=\"fusion-fullwidth fullwidth-box fusion-builder-row-1 fusion-flex-container has-pattern-background has-mask-background nonhundred-percent-fullwidth non-hundred-percent-height-scrolling\" style=\"--awb-border-radius-top-left:0px;--awb-border-radius-top-right:0px;--awb-border-radius-bottom-right:0px;--awb-border-radius-bottom-left:0px;--awb-flex-wrap:wrap;\" ><div class=\"fusion-builder-row fusion-row fusion-flex-align-items-flex-start fusion-flex-content-wrap\" style=\"max-width:1248px;margin-left: calc(-4% \/ 2 );margin-right: calc(-4% \/ 2 );\"><div class=\"fusion-layout-column fusion_builder_column fusion-builder-column-0 fusion_builder_column_1_2 1_2 fusion-flex-column\" style=\"--awb-bg-size:cover;--awb-width-large:50%;--awb-margin-top-large:0px;--awb-spacing-right-large:3.84%;--awb-margin-bottom-large:20px;--awb-spacing-left-large:3.84%;--awb-width-medium:50%;--awb-order-medium:0;--awb-spacing-right-medium:3.84%;--awb-spacing-left-medium:3.84%;--awb-width-small:100%;--awb-order-small:0;--awb-spacing-right-small:1.92%;--awb-spacing-left-small:1.92%;\"><div class=\"fusion-column-wrapper fusion-column-has-shadow fusion-flex-justify-content-flex-start fusion-content-layout-column\"><div class=\"fusion-separator fusion-full-width-sep\" style=\"align-self: center;margin-left: auto;margin-right: auto;margin-bottom:45px;width:100%;\"><\/div><div class=\"fusion-image-element \" style=\"--awb-caption-title-font-family:var(--h2_typography-font-family);--awb-caption-title-font-weight:var(--h2_typography-font-weight);--awb-caption-title-font-style:var(--h2_typography-font-style);--awb-caption-title-size:var(--h2_typography-font-size);--awb-caption-title-transform:var(--h2_typography-text-transform);--awb-caption-title-line-height:var(--h2_typography-line-height);--awb-caption-title-letter-spacing:var(--h2_typography-letter-spacing);\"><span class=\" fusion-imageframe imageframe-none imageframe-1 hover-type-none\"><img decoding=\"async\" width=\"1754\" height=\"1788\" alt=\"Marc Rennfleisch rennfleisch Architekten Chemnitz B\u00fcro f\u00fcr St\u00e4dtebau GmbH Chemnitz\" src=\"https:\/\/www.staedtebau-chemnitz.de\/wp-content\/uploads\/2025\/04\/20230819_142718465_iOS-Kopie-scaled-e1744894627611.jpg\" class=\"img-responsive wp-image-9788\" srcset=\"https:\/\/www.staedtebau-chemnitz.de\/wp-content\/uploads\/2025\/04\/20230819_142718465_iOS-Kopie-scaled-e1744894627611-200x204.jpg 200w, https:\/\/www.staedtebau-chemnitz.de\/wp-content\/uploads\/2025\/04\/20230819_142718465_iOS-Kopie-scaled-e1744894627611-400x408.jpg 400w, https:\/\/www.staedtebau-chemnitz.de\/wp-content\/uploads\/2025\/04\/20230819_142718465_iOS-Kopie-scaled-e1744894627611-600x612.jpg 600w, https:\/\/www.staedtebau-chemnitz.de\/wp-content\/uploads\/2025\/04\/20230819_142718465_iOS-Kopie-scaled-e1744894627611-800x816.jpg 800w, https:\/\/www.staedtebau-chemnitz.de\/wp-content\/uploads\/2025\/04\/20230819_142718465_iOS-Kopie-scaled-e1744894627611-1200x1223.jpg 1200w, https:\/\/www.staedtebau-chemnitz.de\/wp-content\/uploads\/2025\/04\/20230819_142718465_iOS-Kopie-scaled-e1744894627611.jpg 1754w\" sizes=\"(max-width: 640px) 100vw, 600px\" \/><\/span><\/div><div class=\"fusion-image-element \" style=\"--awb-caption-title-font-family:var(--h2_typography-font-family);--awb-caption-title-font-weight:var(--h2_typography-font-weight);--awb-caption-title-font-style:var(--h2_typography-font-style);--awb-caption-title-size:var(--h2_typography-font-size);--awb-caption-title-transform:var(--h2_typography-text-transform);--awb-caption-title-line-height:var(--h2_typography-line-height);--awb-caption-title-letter-spacing:var(--h2_typography-letter-spacing);\"><span class=\" fusion-imageframe imageframe-none imageframe-2 hover-type-none\"><img decoding=\"async\" width=\"2000\" height=\"1452\" alt=\"Logo rennfleisch Architekten Chemnitz B\u00fcro f\u00fcr St\u00e4dtebau GmbH Chemnitz\" src=\"https:\/\/www.staedtebau-chemnitz.de\/wp-content\/uploads\/2025\/04\/rennfleisch-logo-mit-signet-regular.jpg\" class=\"img-responsive wp-image-9795\" srcset=\"https:\/\/www.staedtebau-chemnitz.de\/wp-content\/uploads\/2025\/04\/rennfleisch-logo-mit-signet-regular-200x145.jpg 200w, https:\/\/www.staedtebau-chemnitz.de\/wp-content\/uploads\/2025\/04\/rennfleisch-logo-mit-signet-regular-400x290.jpg 400w, https:\/\/www.staedtebau-chemnitz.de\/wp-content\/uploads\/2025\/04\/rennfleisch-logo-mit-signet-regular-600x436.jpg 600w, https:\/\/www.staedtebau-chemnitz.de\/wp-content\/uploads\/2025\/04\/rennfleisch-logo-mit-signet-regular-800x581.jpg 800w, https:\/\/www.staedtebau-chemnitz.de\/wp-content\/uploads\/2025\/04\/rennfleisch-logo-mit-signet-regular-1200x871.jpg 1200w, https:\/\/www.staedtebau-chemnitz.de\/wp-content\/uploads\/2025\/04\/rennfleisch-logo-mit-signet-regular.jpg 2000w\" sizes=\"(max-width: 640px) 100vw, 600px\" \/><\/span><\/div><\/div><\/div><div class=\"fusion-layout-column fusion_builder_column fusion-builder-column-1 fusion_builder_column_1_2 1_2 fusion-flex-column\" style=\"--awb-bg-size:cover;--awb-width-large:50%;--awb-margin-top-large:0px;--awb-spacing-right-large:3.84%;--awb-margin-bottom-large:20px;--awb-spacing-left-large:3.84%;--awb-width-medium:50%;--awb-order-medium:0;--awb-spacing-right-medium:3.84%;--awb-spacing-left-medium:3.84%;--awb-width-small:100%;--awb-order-small:0;--awb-spacing-right-small:1.92%;--awb-spacing-left-small:1.92%;\"><div class=\"fusion-column-wrapper fusion-column-has-shadow fusion-flex-justify-content-flex-start fusion-content-layout-column\"><div class=\"fusion-separator fusion-full-width-sep\" style=\"align-self: center;margin-left: auto;margin-right: auto;margin-bottom:25px;width:100%;\"><\/div><div class=\"fusion-text fusion-text-1\"><h5><strong>MARC RENNFLEISCH<\/strong><\/h5>\n<p><a href=\"https:\/\/rennfleischarchitekten.de\/\"><strong>rennfleischARCHITEKTEN<\/strong><\/a><\/p>\n<p>Dipl.-Ing. Architekt<\/p>\n<p>Technische Universit\u00e4t Dresden<br \/>\necole d\u00b4architecture de Nanterre<\/p>\n<p><strong>Leistungen:<\/strong><\/p>\n<ul>\n<li>Neubau<\/li>\n<li>Umbau\/Anbau<\/li>\n<li>Sanierung<\/li>\n<li>Innenausbau<\/li>\n<li>Studien<\/li>\n<\/ul>\n<p>Die Bearbeitung aller Leistungsphasen nach HOAI f\u00fcr alle Geb\u00e4udetypen des Hochbaus wird durch das B\u00fcro rennfleischARCHITEKTEN vorgenommen. Ideen und W\u00fcnsche werden in die f\u00fcr den Bauherrn passende Architektur umgesetzt. Es bestehen langj\u00e4hrige Erfahrungen in der Planung von Hochbauprojekten vom Neubau eines Einfamilienhauses bis zum B\u00fcrogeb\u00e4ude inklusive Datacenter, ebenso in der Sanierung von Geb\u00e4uden.<\/p>\n<p><strong>Mitgliedschaften:<\/strong><\/p>\n<ul>\n<li>Mitglied der Architektenkammer Sachsen<\/li>\n<li>Vereinsmitglied Lern- und Gedenkort Ka\u00dfberg Gef\u00e4ngnis e.V.<\/li>\n<li>Mitglied Verein der Freunde der Kunstsammlungen Chemnitz e.V.<\/li>\n<li>Mitglied Kunst58 e.V.<\/li>\n<\/ul>\n<\/div><ul style=\"--awb-line-height:27.2px;--awb-icon-width:27.2px;--awb-icon-height:27.2px;--awb-icon-margin:11.2px;--awb-content-margin:38.4px;--awb-circlecolor:var(--awb-color4);--awb-circle-yes-font-size:14.08px;\" class=\"fusion-checklist fusion-checklist-1 fusion-checklist-default type-icons\"><li class=\"fusion-li-item\" style=\"\"><span class=\"icon-wrapper circle-yes\"><i class=\"fusion-li-icon fa-mobile fas\" aria-hidden=\"true\"><\/i><\/span><div class=\"fusion-li-item-content\">\n<p>+ 49 (0)371 8449 0832<\/p>\n<\/div><\/li><li class=\"fusion-li-item\" style=\"\"><span class=\"icon-wrapper circle-yes\"><i class=\"fusion-li-icon fa-envelope-open-text fas\" aria-hidden=\"true\"><\/i><\/span><div class=\"fusion-li-item-content\">\n<p>buero[at]rennfleischarchitekten.de<\/p>\n<\/div><\/li><li class=\"fusion-li-item\" style=\"\"><span class=\"icon-wrapper circle-yes\"><i class=\"fusion-li-icon fa-blog fas\" aria-hidden=\"true\"><\/i><\/span><div class=\"fusion-li-item-content\">\n<p><a href=\"https:\/\/rennfleischarchitekten.de\/\">https:\/\/rennfleischarchitekten.de\/<\/a><\/p>\n<\/div><\/li><\/ul><div class=\"fusion-separator fusion-full-width-sep\" style=\"align-self: center;margin-left: auto;margin-right: auto;margin-bottom:50px;width:100%;\"><\/div><div style=\"text-align:left;\"><a class=\"fusion-button button-flat fusion-button-default-size button-default fusion-button-default button-1 fusion-button-default-span fusion-button-default-type\" target=\"_self\" href=\"https:\/\/www.staedtebau-chemnitz.de\/index.php\/team\/\"><span class=\"fusion-button-text\">Zur\u00fcck<\/span><\/a><\/div><\/div><\/div><\/div><\/div>\n","protected":false},"excerpt":{"rendered":"","protected":false},"author":2,"featured_media":0,"parent":0,"menu_order":0,"comment_status":"closed","ping_status":"closed","template":"","meta":{"inline_featured_image":false,"footnotes":""},"class_list":["post-9784","page","type-page","status-publish","hentry"],"yoast_head":"<!-- This site is optimized with the Yoast SEO plugin v27.3 - https:\/\/yoast.com\/product\/yoast-seo-wordpress\/ -->\n<title>Marc Rennfleisch - CoWorking Partner Marc Rennfleisch - B\u00fcro f\u00fcr St\u00e4dtebau GmbH Chemnitz<\/title>\n<meta name=\"description\" content=\"Marc Rennfleisch - CoWorking-Partner am Standort der B\u00fcro f\u00fcr St\u00e4dtebau GmbH Chemnitz\" \/>\n<meta name=\"robots\" content=\"index, follow, max-snippet:-1, max-image-preview:large, max-video-preview:-1\" \/>\n<link rel=\"canonical\" href=\"https:\/\/www.staedtebau-chemnitz.de\/index.php\/marc-rennfleisch\/\" \/>\n<meta property=\"og:locale\" content=\"de_DE\" \/>\n<meta property=\"og:type\" content=\"article\" \/>\n<meta property=\"og:title\" content=\"Marc Rennfleisch - CoWorking Partner Marc Rennfleisch - B\u00fcro f\u00fcr St\u00e4dtebau GmbH Chemnitz\" \/>\n<meta property=\"og:description\" content=\"Marc Rennfleisch - CoWorking-Partner am Standort der B\u00fcro f\u00fcr St\u00e4dtebau GmbH Chemnitz\" \/>\n<meta property=\"og:url\" content=\"https:\/\/www.staedtebau-chemnitz.de\/index.php\/marc-rennfleisch\/\" \/>\n<meta property=\"og:site_name\" content=\"B\u00fcro f\u00fcr St\u00e4dtebau GmbH Chemnitz\" \/>\n<meta property=\"article:modified_time\" content=\"2025-04-17T13:10:27+00:00\" \/>\n<meta name=\"twitter:card\" content=\"summary_large_image\" \/>\n<meta name=\"twitter:label1\" content=\"Gesch\u00e4tzte Lesezeit\" \/>\n\t<meta name=\"twitter:data1\" content=\"1\u00a0Minute\" \/>\n<script type=\"application\/ld+json\" class=\"yoast-schema-graph\">{\"@context\":\"https:\\\/\\\/schema.org\",\"@graph\":[{\"@type\":\"WebPage\",\"@id\":\"https:\\\/\\\/www.staedtebau-chemnitz.de\\\/index.php\\\/marc-rennfleisch\\\/\",\"url\":\"https:\\\/\\\/www.staedtebau-chemnitz.de\\\/index.php\\\/marc-rennfleisch\\\/\",\"name\":\"Marc Rennfleisch - CoWorking Partner Marc Rennfleisch - B\u00fcro f\u00fcr St\u00e4dtebau GmbH Chemnitz\",\"isPartOf\":{\"@id\":\"https:\\\/\\\/www.staedtebau-chemnitz.de\\\/#website\"},\"datePublished\":\"2025-04-17T12:52:20+00:00\",\"dateModified\":\"2025-04-17T13:10:27+00:00\",\"description\":\"Marc Rennfleisch - CoWorking-Partner am Standort der B\u00fcro f\u00fcr St\u00e4dtebau GmbH Chemnitz\",\"breadcrumb\":{\"@id\":\"https:\\\/\\\/www.staedtebau-chemnitz.de\\\/index.php\\\/marc-rennfleisch\\\/#breadcrumb\"},\"inLanguage\":\"de\",\"potentialAction\":[{\"@type\":\"ReadAction\",\"target\":[\"https:\\\/\\\/www.staedtebau-chemnitz.de\\\/index.php\\\/marc-rennfleisch\\\/\"]}]},{\"@type\":\"BreadcrumbList\",\"@id\":\"https:\\\/\\\/www.staedtebau-chemnitz.de\\\/index.php\\\/marc-rennfleisch\\\/#breadcrumb\",\"itemListElement\":[{\"@type\":\"ListItem\",\"position\":1,\"name\":\"Startseite\",\"item\":\"https:\\\/\\\/www.staedtebau-chemnitz.de\\\/\"},{\"@type\":\"ListItem\",\"position\":2,\"name\":\"Marc Rennfleisch\"}]},{\"@type\":\"WebSite\",\"@id\":\"https:\\\/\\\/www.staedtebau-chemnitz.de\\\/#website\",\"url\":\"https:\\\/\\\/www.staedtebau-chemnitz.de\\\/\",\"name\":\"B\u00fcro f\u00fcr St\u00e4dtebau GmbH Chemnitz\",\"description\":\"ganzheitliche Stadtentwicklung Bauleitplanung l\u00e4ndliche Raumplanung\",\"publisher\":{\"@id\":\"https:\\\/\\\/www.staedtebau-chemnitz.de\\\/#organization\"},\"potentialAction\":[{\"@type\":\"SearchAction\",\"target\":{\"@type\":\"EntryPoint\",\"urlTemplate\":\"https:\\\/\\\/www.staedtebau-chemnitz.de\\\/?s={search_term_string}\"},\"query-input\":{\"@type\":\"PropertyValueSpecification\",\"valueRequired\":true,\"valueName\":\"search_term_string\"}}],\"inLanguage\":\"de\"},{\"@type\":\"Organization\",\"@id\":\"https:\\\/\\\/www.staedtebau-chemnitz.de\\\/#organization\",\"name\":\"B\u00fcro f\u00fcr St\u00e4dtebau GmbH Chemnitz\",\"url\":\"https:\\\/\\\/www.staedtebau-chemnitz.de\\\/\",\"logo\":{\"@type\":\"ImageObject\",\"inLanguage\":\"de\",\"@id\":\"https:\\\/\\\/www.staedtebau-chemnitz.de\\\/#\\\/schema\\\/logo\\\/image\\\/\",\"url\":\"https:\\\/\\\/www.staedtebau-chemnitz.de\\\/wp-content\\\/uploads\\\/2022\\\/05\\\/Logo_Staedtebau_4c.png\",\"contentUrl\":\"https:\\\/\\\/www.staedtebau-chemnitz.de\\\/wp-content\\\/uploads\\\/2022\\\/05\\\/Logo_Staedtebau_4c.png\",\"width\":1217,\"height\":1077,\"caption\":\"B\u00fcro f\u00fcr St\u00e4dtebau GmbH Chemnitz\"},\"image\":{\"@id\":\"https:\\\/\\\/www.staedtebau-chemnitz.de\\\/#\\\/schema\\\/logo\\\/image\\\/\"}}]}<\/script>\n<!-- \/ Yoast SEO plugin. -->","yoast_head_json":{"title":"Marc Rennfleisch - CoWorking Partner Marc Rennfleisch - B\u00fcro f\u00fcr St\u00e4dtebau GmbH Chemnitz","description":"Marc Rennfleisch - CoWorking-Partner am Standort der B\u00fcro f\u00fcr St\u00e4dtebau GmbH Chemnitz","robots":{"index":"index","follow":"follow","max-snippet":"max-snippet:-1","max-image-preview":"max-image-preview:large","max-video-preview":"max-video-preview:-1"},"canonical":"https:\/\/www.staedtebau-chemnitz.de\/index.php\/marc-rennfleisch\/","og_locale":"de_DE","og_type":"article","og_title":"Marc Rennfleisch - CoWorking Partner Marc Rennfleisch - B\u00fcro f\u00fcr St\u00e4dtebau GmbH Chemnitz","og_description":"Marc Rennfleisch - CoWorking-Partner am Standort der B\u00fcro f\u00fcr St\u00e4dtebau GmbH Chemnitz","og_url":"https:\/\/www.staedtebau-chemnitz.de\/index.php\/marc-rennfleisch\/","og_site_name":"B\u00fcro f\u00fcr St\u00e4dtebau GmbH Chemnitz","article_modified_time":"2025-04-17T13:10:27+00:00","twitter_card":"summary_large_image","twitter_misc":{"Gesch\u00e4tzte Lesezeit":"1\u00a0Minute"},"schema":{"@context":"https:\/\/schema.org","@graph":[{"@type":"WebPage","@id":"https:\/\/www.staedtebau-chemnitz.de\/index.php\/marc-rennfleisch\/","url":"https:\/\/www.staedtebau-chemnitz.de\/index.php\/marc-rennfleisch\/","name":"Marc Rennfleisch - CoWorking Partner Marc Rennfleisch - B\u00fcro f\u00fcr St\u00e4dtebau GmbH Chemnitz","isPartOf":{"@id":"https:\/\/www.staedtebau-chemnitz.de\/#website"},"datePublished":"2025-04-17T12:52:20+00:00","dateModified":"2025-04-17T13:10:27+00:00","description":"Marc Rennfleisch - CoWorking-Partner am Standort der B\u00fcro f\u00fcr St\u00e4dtebau GmbH Chemnitz","breadcrumb":{"@id":"https:\/\/www.staedtebau-chemnitz.de\/index.php\/marc-rennfleisch\/#breadcrumb"},"inLanguage":"de","potentialAction":[{"@type":"ReadAction","target":["https:\/\/www.staedtebau-chemnitz.de\/index.php\/marc-rennfleisch\/"]}]},{"@type":"BreadcrumbList","@id":"https:\/\/www.staedtebau-chemnitz.de\/index.php\/marc-rennfleisch\/#breadcrumb","itemListElement":[{"@type":"ListItem","position":1,"name":"Startseite","item":"https:\/\/www.staedtebau-chemnitz.de\/"},{"@type":"ListItem","position":2,"name":"Marc Rennfleisch"}]},{"@type":"WebSite","@id":"https:\/\/www.staedtebau-chemnitz.de\/#website","url":"https:\/\/www.staedtebau-chemnitz.de\/","name":"B\u00fcro f\u00fcr St\u00e4dtebau GmbH Chemnitz","description":"ganzheitliche Stadtentwicklung Bauleitplanung l\u00e4ndliche Raumplanung","publisher":{"@id":"https:\/\/www.staedtebau-chemnitz.de\/#organization"},"potentialAction":[{"@type":"SearchAction","target":{"@type":"EntryPoint","urlTemplate":"https:\/\/www.staedtebau-chemnitz.de\/?s={search_term_string}"},"query-input":{"@type":"PropertyValueSpecification","valueRequired":true,"valueName":"search_term_string"}}],"inLanguage":"de"},{"@type":"Organization","@id":"https:\/\/www.staedtebau-chemnitz.de\/#organization","name":"B\u00fcro f\u00fcr St\u00e4dtebau GmbH Chemnitz","url":"https:\/\/www.staedtebau-chemnitz.de\/","logo":{"@type":"ImageObject","inLanguage":"de","@id":"https:\/\/www.staedtebau-chemnitz.de\/#\/schema\/logo\/image\/","url":"https:\/\/www.staedtebau-chemnitz.de\/wp-content\/uploads\/2022\/05\/Logo_Staedtebau_4c.png","contentUrl":"https:\/\/www.staedtebau-chemnitz.de\/wp-content\/uploads\/2022\/05\/Logo_Staedtebau_4c.png","width":1217,"height":1077,"caption":"B\u00fcro f\u00fcr St\u00e4dtebau GmbH Chemnitz"},"image":{"@id":"https:\/\/www.staedtebau-chemnitz.de\/#\/schema\/logo\/image\/"}}]}},"_links":{"self":[{"href":"https:\/\/www.staedtebau-chemnitz.de\/index.php\/wp-json\/wp\/v2\/pages\/9784","targetHints":{"allow":["GET"]}}],"collection":[{"href":"https:\/\/www.staedtebau-chemnitz.de\/index.php\/wp-json\/wp\/v2\/pages"}],"about":[{"href":"https:\/\/www.staedtebau-chemnitz.de\/index.php\/wp-json\/wp\/v2\/types\/page"}],"author":[{"embeddable":true,"href":"https:\/\/www.staedtebau-chemnitz.de\/index.php\/wp-json\/wp\/v2\/users\/2"}],"replies":[{"embeddable":true,"href":"https:\/\/www.staedtebau-chemnitz.de\/index.php\/wp-json\/wp\/v2\/comments?post=9784"}],"version-history":[{"count":6,"href":"https:\/\/www.staedtebau-chemnitz.de\/index.php\/wp-json\/wp\/v2\/pages\/9784\/revisions"}],"predecessor-version":[{"id":9797,"href":"https:\/\/www.staedtebau-chemnitz.de\/index.php\/wp-json\/wp\/v2\/pages\/9784\/revisions\/9797"}],"wp:attachment":[{"href":"https:\/\/www.staedtebau-chemnitz.de\/index.php\/wp-json\/wp\/v2\/media?parent=9784"}],"curies":[{"name":"wp","href":"https:\/\/api.w.org\/{rel}","templated":true}]}}