{"id":8107,"date":"2024-01-16T17:09:28","date_gmt":"2024-01-16T16:09:28","guid":{"rendered":"https:\/\/www.staedtebau-chemnitz.de\/?page_id=8107"},"modified":"2026-01-07T11:01:22","modified_gmt":"2026-01-07T10:01:22","slug":"matthias-geissler","status":"publish","type":"page","link":"https:\/\/www.staedtebau-chemnitz.de\/index.php\/matthias-geissler\/","title":{"rendered":"Matthias Gei\u00dfler"},"content":{"rendered":"<div class=\"fusion-fullwidth fullwidth-box fusion-builder-row-1 fusion-flex-container has-pattern-background has-mask-background nonhundred-percent-fullwidth non-hundred-percent-height-scrolling\" style=\"--awb-border-radius-top-left:0px;--awb-border-radius-top-right:0px;--awb-border-radius-bottom-right:0px;--awb-border-radius-bottom-left:0px;--awb-flex-wrap:wrap;\" ><div class=\"fusion-builder-row fusion-row fusion-flex-align-items-flex-start fusion-flex-content-wrap\" style=\"max-width:1248px;margin-left: calc(-4% \/ 2 );margin-right: calc(-4% \/ 2 );\"><div class=\"fusion-layout-column fusion_builder_column fusion-builder-column-0 fusion_builder_column_1_2 1_2 fusion-flex-column\" style=\"--awb-bg-size:cover;--awb-width-large:50%;--awb-margin-top-large:0px;--awb-spacing-right-large:3.84%;--awb-margin-bottom-large:20px;--awb-spacing-left-large:3.84%;--awb-width-medium:50%;--awb-order-medium:0;--awb-spacing-right-medium:3.84%;--awb-spacing-left-medium:3.84%;--awb-width-small:100%;--awb-order-small:0;--awb-spacing-right-small:1.92%;--awb-spacing-left-small:1.92%;\"><div class=\"fusion-column-wrapper fusion-column-has-shadow fusion-flex-justify-content-flex-start fusion-content-layout-column\"><div class=\"fusion-separator fusion-full-width-sep\" style=\"align-self: center;margin-left: auto;margin-right: auto;margin-bottom:45px;width:100%;\"><\/div><div class=\"fusion-slider-sc\"><div class=\"fusion-flexslider-loading flexslider flexslider-hover-type-none\" data-slideshow_autoplay=\"1\" data-slideshow_smooth_height=\"0\" data-slideshow_speed=\"7000\" style=\"max-width:100%;height:100%;\"><ul class=\"slides\"><li class=\"image\"><span class=\"fusion-image-hover-element hover-type-none\"><img decoding=\"async\" src=\"https:\/\/www.staedtebau-chemnitz.de\/wp-content\/uploads\/2024\/01\/IMG_0307-scaled.jpg\" alt=\"Matthias Gei\u00dfler B\u00fcro f\u00fcr St\u00e4dtebau GmbH Chemnitz\" width=\"2560\" height=\"1707\" class=\"wp-image-8108\" srcset=\"https:\/\/www.staedtebau-chemnitz.de\/wp-content\/uploads\/2024\/01\/IMG_0307-200x133.jpg 200w, https:\/\/www.staedtebau-chemnitz.de\/wp-content\/uploads\/2024\/01\/IMG_0307-400x267.jpg 400w, https:\/\/www.staedtebau-chemnitz.de\/wp-content\/uploads\/2024\/01\/IMG_0307-600x400.jpg 600w, https:\/\/www.staedtebau-chemnitz.de\/wp-content\/uploads\/2024\/01\/IMG_0307-800x533.jpg 800w, https:\/\/www.staedtebau-chemnitz.de\/wp-content\/uploads\/2024\/01\/IMG_0307-1200x800.jpg 1200w, https:\/\/www.staedtebau-chemnitz.de\/wp-content\/uploads\/2024\/01\/IMG_0307-scaled.jpg 2560w\" sizes=\"(max-width: 640px) 100vw, 600px\" \/><\/span><\/li><\/ul><\/div><\/div><\/div><\/div><div class=\"fusion-layout-column fusion_builder_column fusion-builder-column-1 fusion_builder_column_1_2 1_2 fusion-flex-column\" style=\"--awb-bg-size:cover;--awb-width-large:50%;--awb-margin-top-large:0px;--awb-spacing-right-large:3.84%;--awb-margin-bottom-large:20px;--awb-spacing-left-large:3.84%;--awb-width-medium:50%;--awb-order-medium:0;--awb-spacing-right-medium:3.84%;--awb-spacing-left-medium:3.84%;--awb-width-small:100%;--awb-order-small:0;--awb-spacing-right-small:1.92%;--awb-spacing-left-small:1.92%;\"><div class=\"fusion-column-wrapper fusion-column-has-shadow fusion-flex-justify-content-flex-start fusion-content-layout-column\"><div class=\"fusion-separator fusion-full-width-sep\" style=\"align-self: center;margin-left: auto;margin-right: auto;margin-bottom:25px;width:100%;\"><\/div><div class=\"fusion-text fusion-text-1\"><h5><strong>MATTHIAS GEI\u00dfLER<\/strong><\/h5>\n<p><strong>Stadtplanung | Gesellschafter<\/strong><\/p>\n<p>M.Sc. Raumentwicklung und Naturressourcenmanagement<br \/>\nTechnische Universit\u00e4t Dresden<\/p>\n<p><strong>Weitere Qualifikation:<\/strong><\/p>\n<p>Integriertes Klima- und Fl\u00e4chenmanagement in Kommunen<br \/>\nBEW &#8211; Bildungszentrum f\u00fcr die Ver- und Entsorgungswirtschaft gGmbH<\/p>\n<p><strong>Mitgliedschaften:<\/strong><\/p>\n<p>Mitglied im Vereinigung f\u00fcr Stadt-, Regional- und Landesplanung (SRL) e.V.<\/p>\n<\/div><ul style=\"--awb-line-height:27.2px;--awb-icon-width:27.2px;--awb-icon-height:27.2px;--awb-icon-margin:11.2px;--awb-content-margin:38.4px;--awb-circlecolor:var(--awb-color4);--awb-circle-yes-font-size:14.08px;\" class=\"fusion-checklist fusion-checklist-1 fusion-checklist-default type-icons\"><li class=\"fusion-li-item\" style=\"\"><span class=\"icon-wrapper circle-yes\"><i class=\"fusion-li-icon fa-phone-alt fas\" aria-hidden=\"true\"><\/i><\/span><div class=\"fusion-li-item-content\">\n<p>+49 371 36741 &#8211; 76<\/p>\n<\/div><\/li><li class=\"fusion-li-item\" style=\"\"><span class=\"icon-wrapper circle-yes\"><i class=\"fusion-li-icon fa-mobile-alt fas\" aria-hidden=\"true\"><\/i><\/span><div class=\"fusion-li-item-content\">\n<p>+49 1514 6379141<\/p>\n<\/div><\/li><li class=\"fusion-li-item\" style=\"\"><span class=\"icon-wrapper circle-yes\"><i class=\"fusion-li-icon fa-envelope-open-text fas\" aria-hidden=\"true\"><\/i><\/span><div class=\"fusion-li-item-content\">\n<p>m.geissler[at]staedtebau-chemnitz.de<\/p>\n<\/div><\/li><\/ul><div class=\"fusion-separator fusion-full-width-sep\" style=\"align-self: center;margin-left: auto;margin-right: auto;margin-bottom:45px;width:100%;\"><\/div><div style=\"text-align:left;\"><a class=\"fusion-button button-flat fusion-button-default-size button-default fusion-button-default button-1 fusion-button-default-span fusion-button-default-type\" style=\"--button_typography-font-family:&quot;Open Sans&quot;;--button_typography-font-style:normal;--button_typography-font-weight:400;\" target=\"_blank\" rel=\"noopener noreferrer\" href=\"https:\/\/www.staedtebau-chemnitz.de\/index.php\/team\/\"><span class=\"fusion-button-text\">zur\u00fcck<\/span><\/a><\/div><\/div><\/div><\/div><\/div>\n","protected":false},"excerpt":{"rendered":"","protected":false},"author":2,"featured_media":0,"parent":0,"menu_order":0,"comment_status":"closed","ping_status":"closed","template":"","meta":{"inline_featured_image":false,"footnotes":""},"class_list":["post-8107","page","type-page","status-publish","hentry"],"yoast_head":"<!-- This site is optimized with the Yoast SEO plugin v27.3 - https:\/\/yoast.com\/product\/yoast-seo-wordpress\/ -->\n<title>Matthias Gei\u00dfler - B\u00fcro f\u00fcr St\u00e4dtebau GmbH Chemnitz<\/title>\n<meta name=\"description\" content=\"Matthias Gei\u00dfler - Stadtplanung\" \/>\n<meta name=\"robots\" content=\"index, follow, max-snippet:-1, max-image-preview:large, max-video-preview:-1\" \/>\n<link rel=\"canonical\" href=\"https:\/\/www.staedtebau-chemnitz.de\/index.php\/matthias-geissler\/\" \/>\n<meta property=\"og:locale\" content=\"de_DE\" \/>\n<meta property=\"og:type\" content=\"article\" \/>\n<meta property=\"og:title\" content=\"Matthias Gei\u00dfler - B\u00fcro f\u00fcr St\u00e4dtebau GmbH Chemnitz\" \/>\n<meta property=\"og:description\" content=\"Matthias Gei\u00dfler - Stadtplanung\" \/>\n<meta property=\"og:url\" content=\"https:\/\/www.staedtebau-chemnitz.de\/index.php\/matthias-geissler\/\" \/>\n<meta property=\"og:site_name\" content=\"B\u00fcro f\u00fcr St\u00e4dtebau GmbH Chemnitz\" \/>\n<meta property=\"article:modified_time\" content=\"2026-01-07T10:01:22+00:00\" \/>\n<meta name=\"twitter:card\" content=\"summary_large_image\" \/>\n<meta name=\"twitter:label1\" content=\"Gesch\u00e4tzte Lesezeit\" \/>\n\t<meta name=\"twitter:data1\" content=\"1\u00a0Minute\" \/>\n<script type=\"application\/ld+json\" class=\"yoast-schema-graph\">{\"@context\":\"https:\\\/\\\/schema.org\",\"@graph\":[{\"@type\":\"WebPage\",\"@id\":\"https:\\\/\\\/www.staedtebau-chemnitz.de\\\/index.php\\\/matthias-geissler\\\/\",\"url\":\"https:\\\/\\\/www.staedtebau-chemnitz.de\\\/index.php\\\/matthias-geissler\\\/\",\"name\":\"Matthias Gei\u00dfler - B\u00fcro f\u00fcr St\u00e4dtebau GmbH Chemnitz\",\"isPartOf\":{\"@id\":\"https:\\\/\\\/www.staedtebau-chemnitz.de\\\/#website\"},\"datePublished\":\"2024-01-16T16:09:28+00:00\",\"dateModified\":\"2026-01-07T10:01:22+00:00\",\"description\":\"Matthias Gei\u00dfler - Stadtplanung\",\"breadcrumb\":{\"@id\":\"https:\\\/\\\/www.staedtebau-chemnitz.de\\\/index.php\\\/matthias-geissler\\\/#breadcrumb\"},\"inLanguage\":\"de\",\"potentialAction\":[{\"@type\":\"ReadAction\",\"target\":[\"https:\\\/\\\/www.staedtebau-chemnitz.de\\\/index.php\\\/matthias-geissler\\\/\"]}]},{\"@type\":\"BreadcrumbList\",\"@id\":\"https:\\\/\\\/www.staedtebau-chemnitz.de\\\/index.php\\\/matthias-geissler\\\/#breadcrumb\",\"itemListElement\":[{\"@type\":\"ListItem\",\"position\":1,\"name\":\"Startseite\",\"item\":\"https:\\\/\\\/www.staedtebau-chemnitz.de\\\/\"},{\"@type\":\"ListItem\",\"position\":2,\"name\":\"Matthias Gei\u00dfler\"}]},{\"@type\":\"WebSite\",\"@id\":\"https:\\\/\\\/www.staedtebau-chemnitz.de\\\/#website\",\"url\":\"https:\\\/\\\/www.staedtebau-chemnitz.de\\\/\",\"name\":\"B\u00fcro f\u00fcr St\u00e4dtebau GmbH Chemnitz\",\"description\":\"ganzheitliche Stadtentwicklung Bauleitplanung l\u00e4ndliche Raumplanung\",\"publisher\":{\"@id\":\"https:\\\/\\\/www.staedtebau-chemnitz.de\\\/#organization\"},\"potentialAction\":[{\"@type\":\"SearchAction\",\"target\":{\"@type\":\"EntryPoint\",\"urlTemplate\":\"https:\\\/\\\/www.staedtebau-chemnitz.de\\\/?s={search_term_string}\"},\"query-input\":{\"@type\":\"PropertyValueSpecification\",\"valueRequired\":true,\"valueName\":\"search_term_string\"}}],\"inLanguage\":\"de\"},{\"@type\":\"Organization\",\"@id\":\"https:\\\/\\\/www.staedtebau-chemnitz.de\\\/#organization\",\"name\":\"B\u00fcro f\u00fcr St\u00e4dtebau GmbH Chemnitz\",\"url\":\"https:\\\/\\\/www.staedtebau-chemnitz.de\\\/\",\"logo\":{\"@type\":\"ImageObject\",\"inLanguage\":\"de\",\"@id\":\"https:\\\/\\\/www.staedtebau-chemnitz.de\\\/#\\\/schema\\\/logo\\\/image\\\/\",\"url\":\"https:\\\/\\\/www.staedtebau-chemnitz.de\\\/wp-content\\\/uploads\\\/2022\\\/05\\\/Logo_Staedtebau_4c.png\",\"contentUrl\":\"https:\\\/\\\/www.staedtebau-chemnitz.de\\\/wp-content\\\/uploads\\\/2022\\\/05\\\/Logo_Staedtebau_4c.png\",\"width\":1217,\"height\":1077,\"caption\":\"B\u00fcro f\u00fcr St\u00e4dtebau GmbH Chemnitz\"},\"image\":{\"@id\":\"https:\\\/\\\/www.staedtebau-chemnitz.de\\\/#\\\/schema\\\/logo\\\/image\\\/\"}}]}<\/script>\n<!-- \/ Yoast SEO plugin. -->","yoast_head_json":{"title":"Matthias Gei\u00dfler - B\u00fcro f\u00fcr St\u00e4dtebau GmbH Chemnitz","description":"Matthias Gei\u00dfler - Stadtplanung","robots":{"index":"index","follow":"follow","max-snippet":"max-snippet:-1","max-image-preview":"max-image-preview:large","max-video-preview":"max-video-preview:-1"},"canonical":"https:\/\/www.staedtebau-chemnitz.de\/index.php\/matthias-geissler\/","og_locale":"de_DE","og_type":"article","og_title":"Matthias Gei\u00dfler - B\u00fcro f\u00fcr St\u00e4dtebau GmbH Chemnitz","og_description":"Matthias Gei\u00dfler - Stadtplanung","og_url":"https:\/\/www.staedtebau-chemnitz.de\/index.php\/matthias-geissler\/","og_site_name":"B\u00fcro f\u00fcr St\u00e4dtebau GmbH Chemnitz","article_modified_time":"2026-01-07T10:01:22+00:00","twitter_card":"summary_large_image","twitter_misc":{"Gesch\u00e4tzte Lesezeit":"1\u00a0Minute"},"schema":{"@context":"https:\/\/schema.org","@graph":[{"@type":"WebPage","@id":"https:\/\/www.staedtebau-chemnitz.de\/index.php\/matthias-geissler\/","url":"https:\/\/www.staedtebau-chemnitz.de\/index.php\/matthias-geissler\/","name":"Matthias Gei\u00dfler - B\u00fcro f\u00fcr St\u00e4dtebau GmbH Chemnitz","isPartOf":{"@id":"https:\/\/www.staedtebau-chemnitz.de\/#website"},"datePublished":"2024-01-16T16:09:28+00:00","dateModified":"2026-01-07T10:01:22+00:00","description":"Matthias Gei\u00dfler - Stadtplanung","breadcrumb":{"@id":"https:\/\/www.staedtebau-chemnitz.de\/index.php\/matthias-geissler\/#breadcrumb"},"inLanguage":"de","potentialAction":[{"@type":"ReadAction","target":["https:\/\/www.staedtebau-chemnitz.de\/index.php\/matthias-geissler\/"]}]},{"@type":"BreadcrumbList","@id":"https:\/\/www.staedtebau-chemnitz.de\/index.php\/matthias-geissler\/#breadcrumb","itemListElement":[{"@type":"ListItem","position":1,"name":"Startseite","item":"https:\/\/www.staedtebau-chemnitz.de\/"},{"@type":"ListItem","position":2,"name":"Matthias Gei\u00dfler"}]},{"@type":"WebSite","@id":"https:\/\/www.staedtebau-chemnitz.de\/#website","url":"https:\/\/www.staedtebau-chemnitz.de\/","name":"B\u00fcro f\u00fcr St\u00e4dtebau GmbH Chemnitz","description":"ganzheitliche Stadtentwicklung Bauleitplanung l\u00e4ndliche Raumplanung","publisher":{"@id":"https:\/\/www.staedtebau-chemnitz.de\/#organization"},"potentialAction":[{"@type":"SearchAction","target":{"@type":"EntryPoint","urlTemplate":"https:\/\/www.staedtebau-chemnitz.de\/?s={search_term_string}"},"query-input":{"@type":"PropertyValueSpecification","valueRequired":true,"valueName":"search_term_string"}}],"inLanguage":"de"},{"@type":"Organization","@id":"https:\/\/www.staedtebau-chemnitz.de\/#organization","name":"B\u00fcro f\u00fcr St\u00e4dtebau GmbH Chemnitz","url":"https:\/\/www.staedtebau-chemnitz.de\/","logo":{"@type":"ImageObject","inLanguage":"de","@id":"https:\/\/www.staedtebau-chemnitz.de\/#\/schema\/logo\/image\/","url":"https:\/\/www.staedtebau-chemnitz.de\/wp-content\/uploads\/2022\/05\/Logo_Staedtebau_4c.png","contentUrl":"https:\/\/www.staedtebau-chemnitz.de\/wp-content\/uploads\/2022\/05\/Logo_Staedtebau_4c.png","width":1217,"height":1077,"caption":"B\u00fcro f\u00fcr St\u00e4dtebau GmbH Chemnitz"},"image":{"@id":"https:\/\/www.staedtebau-chemnitz.de\/#\/schema\/logo\/image\/"}}]}},"_links":{"self":[{"href":"https:\/\/www.staedtebau-chemnitz.de\/index.php\/wp-json\/wp\/v2\/pages\/8107","targetHints":{"allow":["GET"]}}],"collection":[{"href":"https:\/\/www.staedtebau-chemnitz.de\/index.php\/wp-json\/wp\/v2\/pages"}],"about":[{"href":"https:\/\/www.staedtebau-chemnitz.de\/index.php\/wp-json\/wp\/v2\/types\/page"}],"author":[{"embeddable":true,"href":"https:\/\/www.staedtebau-chemnitz.de\/index.php\/wp-json\/wp\/v2\/users\/2"}],"replies":[{"embeddable":true,"href":"https:\/\/www.staedtebau-chemnitz.de\/index.php\/wp-json\/wp\/v2\/comments?post=8107"}],"version-history":[{"count":7,"href":"https:\/\/www.staedtebau-chemnitz.de\/index.php\/wp-json\/wp\/v2\/pages\/8107\/revisions"}],"predecessor-version":[{"id":10845,"href":"https:\/\/www.staedtebau-chemnitz.de\/index.php\/wp-json\/wp\/v2\/pages\/8107\/revisions\/10845"}],"wp:attachment":[{"href":"https:\/\/www.staedtebau-chemnitz.de\/index.php\/wp-json\/wp\/v2\/media?parent=8107"}],"curies":[{"name":"wp","href":"https:\/\/api.w.org\/{rel}","templated":true}]}}